{"id":208340,"date":"2017-10-09T11:00:06","date_gmt":"2017-10-09T09:00:06","guid":{"rendered":"https:\/\/www.focus-recht.de\/cms\/?page_id=208340"},"modified":"2019-03-07T16:34:34","modified_gmt":"2019-03-07T15:34:34","slug":"beispiel","status":"publish","type":"page","link":"https:\/\/www.focus-recht.de\/cms\/renten-und-lebensversicherungen\/beispiel\/","title":{"rendered":"Beispiel"},"content":{"rendered":"<p>[et_pb_section bb_built=&#8220;1&#8243; admin_label=&#8220;Header Section&#8220; parallax_method=&#8220;off&#8220; padding_mobile=&#8220;on&#8220; custom_padding=&#8220;0px||0px|&#8220; collapsed=&#8220;off&#8220; disabled_on=&#8220;off|off|off&#8220; disabled=&#8220;off&#8220; background_image=&#8220;https:\/\/www.focus-recht.de\/cms\/wp-content\/uploads\/2017\/10\/FCR-FullStripe-Beispieljpg.jpg&#8220; _builder_version=&#8220;3.0.79&#8243; background_color_gradient_start=&#8220;rgba(0,0,0,0.89)&#8220; background_color_gradient_end=&#8220;#474747&#8243; background_color=&#8220;#ffffff&#8220; use_background_color_gradient=&#8220;on&#8220; background_position=&#8220;top_center&#8220; background_color_gradient_direction=&#8220;131deg&#8220; custom_margin=&#8220;||40px|&#8220; next_background_color=&#8220;#f2efe8&#8243;][et_pb_row admin_label=&#8220;row&#8220; custom_padding=&#8220;5.5%||2.5%|&#8220; parallax_method=&#8220;off&#8220; parallax_method_1=&#8220;off&#8220; parallax_2=&#8220;off&#8220; parallax_method_2=&#8220;off&#8220; column_padding_mobile=&#8220;on&#8220; custom_padding_phone=&#8220;36px||36px|&#8220; custom_padding_last_edited=&#8220;on|desktop&#8220; background_position=&#8220;top_left&#8220; background_repeat=&#8220;repeat&#8220; background_size=&#8220;initial&#8220; _builder_version=&#8220;3.0.78&#8243; background_position_1=&#8220;top_left&#8220; background_repeat_1=&#8220;no-repeat&#8220;][et_pb_column type=&#8220;4_4&#8243;][et_pb_divider _builder_version=&#8220;3.0.78&#8243; divider_style=&#8220;solid&#8220; divider_position=&#8220;top&#8220; height=&#8220;300px&#8220; color=&#8220;#ffffff&#8220; show_divider=&#8220;off&#8220; \/][\/et_pb_column][\/et_pb_row][\/et_pb_section][et_pb_section bb_built=&#8220;1&#8243; admin_label=&#8220;Accounting Services&#8220; module_id=&#8220;accounting_services&#8220; _builder_version=&#8220;3.0.79&#8243; collapsed=&#8220;off&#8220; background_color=&#8220;#f2efe8&#8243; prev_background_color=&#8220;#ffffff&#8220; next_background_color=&#8220;#ffffff&#8220;][et_pb_row admin_label=&#8220;Row&#8220; _builder_version=&#8220;3.0.78&#8243; background_size=&#8220;initial&#8220; background_position=&#8220;top_left&#8220; background_repeat=&#8220;repeat&#8220; _i=&#8220;0&#8243; _address=&#8220;1.0&#8243;][et_pb_column type=&#8220;4_4&#8243;][et_pb_text admin_label=&#8220;Ein konkretes Beispiel:&#8220; _builder_version=&#8220;3.0.79&#8243; text_font_size=&#8220;18&#8243; text_font_size_tablet=&#8220;16&#8243; text_font_size_phone=&#8220;14&#8243; text_font_size_last_edited=&#8220;on|phone&#8220; text_text_color=&#8220;#005096&#8243; background_size=&#8220;initial&#8220; background_position=&#8220;top_left&#8220; background_repeat=&#8220;repeat&#8220; text_orientation=&#8220;center&#8220; module_alignment=&#8220;center&#8220; custom_margin=&#8220;||15px|&#8220; custom_css_main_element=&#8220;font-weight:300;&#8220; background_layout=&#8220;light&#8220; border_style=&#8220;solid&#8220;]<\/p>\n<p> <strong>Ein konkretes Beispiel:<\/strong> <\/p>\n<p>[\/et_pb_text][et_pb_text admin_label=&#8220;Header: Erl\u00f6s durch R\u00fcckabwicklung&#8220; _builder_version=&#8220;3.19.18&#8243; text_font_size=&#8220;45&#8243; text_font_size_tablet=&#8220;35&#8243; text_font_size_phone=&#8220;25&#8243; text_font_size_last_edited=&#8220;off|phone&#8220; header_font_size_last_edited=&#8220;off|desktop&#8220; background_size=&#8220;initial&#8220; background_position=&#8220;top_left&#8220; background_repeat=&#8220;repeat&#8220; text_orientation=&#8220;center&#8220; max_width_last_edited=&#8220;on|phone&#8220; module_alignment=&#8220;center&#8220; custom_margin=&#8220;||10px|&#8220; custom_css_main_element=&#8220;font-weight:900!important;&#8220; header_2_font_size_phone=&#8220;22px&#8220; header_2_font_size_last_edited=&#8220;on|phone&#8220;]<\/p>\n<h2><span style=\"color: #a09186;\">Erl\u00f6s durch R\u00fcckabwicklung<\/span><\/h2>\n<p>[\/et_pb_text][et_pb_divider admin_label=&#8220;Divider (Centered)&#8220; color=&#8220;#005096&#8243; show_divider=&#8220;on&#8220; divider_style=&#8220;solid&#8220; divider_position=&#8220;center&#8220; divider_weight=&#8220;2&#8243; disabled_on=&#8220;off&#8220; _builder_version=&#8220;3.0.78&#8243; custom_css_before=&#8220;width: 100px;||left: 50%;||margin-right: -50%;||transform: translate(-50%);&#8220; hide_on_mobile=&#8220;off&#8220; \/][\/et_pb_column][\/et_pb_row][\/et_pb_section][et_pb_section bb_built=&#8220;1&#8243; fullwidth=&#8220;off&#8220; specialty=&#8220;off&#8220; _builder_version=&#8220;3.0.79&#8243; prev_background_color=&#8220;#f2efe8&#8243; next_background_color=&#8220;rgba(0,36,84,0)&#8220;][et_pb_row _builder_version=&#8220;3.0.79&#8243;][et_pb_column type=&#8220;1_3&#8243;][et_pb_image _builder_version=&#8220;3.0.79&#8243; src=&#8220;https:\/\/www.focus-recht.de\/cms\/wp-content\/uploads\/2017\/10\/FCR-HandGeldscheine-800&#215;500.jpg&#8220; show_in_lightbox=&#8220;off&#8220; url_new_window=&#8220;off&#8220; use_overlay=&#8220;off&#8220; always_center_on_mobile=&#8220;on&#8220; border_style=&#8220;solid&#8220; force_fullwidth=&#8220;off&#8220; show_bottom_space=&#8220;on&#8220; \/][\/et_pb_column][et_pb_column type=&#8220;2_3&#8243;][et_pb_text _builder_version=&#8220;3.0.79&#8243; background_layout=&#8220;light&#8220; border_style=&#8220;solid&#8220;]<\/p>\n<p>\n1999 hat Herr Lindner eine Lebensversicherung mit einem monatlichen Beitrag in einer H\u00f6he von <strong>150 EUR<\/strong> abgeschlossen. 2014 k\u00fcndigt er seine Versicherung, da er das Geld zum Erwerb einer Eigentumswohnung ben\u00f6tigt und die Gewinnprognose der Versicherung nicht mehr seinen Erwartungen entspricht.<\/p>\n<p>Der von seiner Versicherung ausbezahlte <strong>R\u00fcckkaufswert<\/strong> bel\u00e4uft sich <strong>lediglich<\/strong> auf <strong>20.180 EUR<\/strong>. Da Herr Lindner jedoch in 15 Jahren Versicherungslaufzeit insgesamt<strong> 27.000 EUR eingezahlt<\/strong> hat, bedeutet dies einen <strong>Verlust <\/strong>von<strong> 6.820 EUR<\/strong>, von einer Verzinsung ganz zu schweigen.<\/p>\n<p>Mit der Unterst\u00fctzung von <strong>focusRecht<\/strong> kann der Versicherungsvertrag widerrufen werden und Herr Lindner erh\u00e4lt alle bisher einbezahlten Beitr\u00e4ge zur\u00fcck, sowie eine zus\u00e4tzliche Nutzungsentsch\u00e4digung auf diesen Betrag.<\/p>\n<p>[\/et_pb_text][\/et_pb_column][\/et_pb_row][et_pb_row][et_pb_column type=&#8220;1_3&#8243;][et_pb_text _builder_version=&#8220;3.0.79&#8243; background_layout=&#8220;light&#8220; border_style=&#8220;solid&#8220;]<\/p>\n<p>\n<strong>32.983,37 \u20ac\u00a0 <\/strong>Erl\u00f6s durch focusRecht<br \/><strong> 20.180,00 \u20ac\u00a0 <\/strong>R\u00fcckkaufswert<\/p>\n<hr \/>\n<p><span style=\"color: #005096;\"><strong>12.803,37 \u20ac\u00a0 \u00a0Mehrerl\u00f6s <\/strong>(Gewinn)<\/span><\/p>\n<p>&nbsp;<\/p>\n<p>[\/et_pb_text][\/et_pb_column][et_pb_column type=&#8220;2_3&#8243;][et_pb_text _builder_version=&#8220;3.0.79&#8243; background_layout=&#8220;light&#8220; border_style=&#8220;solid&#8220;]<\/p>\n<p>\n<strong><span style=\"color: #005096;\">Ergebnis:<\/span><br \/><\/strong>Herrn Lindner wird die Summe von<strong> 32.983,37 EUR<\/strong> zugesprochen, was nach Abzug des bereits ausbezahlten R\u00fcckkaufswertes von <strong>20.180 EUR<\/strong> einem Mehrerl\u00f6s von insgesamt <strong>12.803,37 EUR<\/strong> entspricht.<\/p>\n<p>[\/et_pb_text][\/et_pb_column][\/et_pb_row][\/et_pb_section][et_pb_section bb_built=&#8220;1&#8243; admin_label=&#8220;Footer&#8220; background_color=&#8220;rgba(0,36,84,0)&#8220; module_class=&#8220;mp_s_footer&#8220; _builder_version=&#8220;3.0.83&#8243; use_background_color_gradient=&#8220;on&#8220; background_color_gradient_start=&#8220;#002454&#8243; background_color_gradient_end=&#8220;#002454&#8243; background_color_gradient_direction=&#8220;191deg&#8220; custom_padding=&#8220;0px|||&#8220; transparent_background=&#8220;on&#8220; collapsed=&#8220;off&#8220; prev_background_color=&#8220;#ffffff&#8220; global_module=&#8220;208737&#8243;][et_pb_row admin_label=&#8220;row&#8220; global_parent=&#8220;208737&#8243; padding_right_3=&#8220;0px&#8220; parallax_method_1=&#8220;off&#8220; parallax_method_2=&#8220;off&#8220; parallax_method_3=&#8220;off&#8220; parallax_method_4=&#8220;off&#8220; module_class_1=&#8220;mp_r_footer_c1&#8243; module_class_2=&#8220;mp_r_footer_c2&#8243; module_class_3=&#8220;mp_r_footer_c3&#8243; module_class_4=&#8220;mp_r_footer_c4&#8243; _builder_version=&#8220;3.0.83&#8243; background_size=&#8220;initial&#8220; background_position=&#8220;top_left&#8220; background_repeat=&#8220;repeat&#8220; custom_padding=&#8220;||0px|&#8220;][et_pb_column type=&#8220;1_2&#8243;][et_pb_divider global_parent=&#8220;208737&#8243; height=&#8220;30px&#8220; _builder_version=&#8220;3.2&#8243; color=&#8220;#ffffff&#8220; show_divider=&#8220;off&#8220; \/][et_pb_text global_parent=&#8220;208737&#8243; _builder_version=&#8220;3.0.83&#8243; text_text_color=&#8220;#666a74&#8243;]<\/p>\n<p><strong>focusRecht<\/strong>\u00a0GmbH &amp; Co. KG<br \/>Mozartstra\u00dfe 24<br \/>D-79104 Freiburg i. Breisgau<br \/>\u260e 0800 333 00 87<br \/>+49 761 59 59 512<br \/><a href=\"https:\/\/www.focus-recht.de\/cms\/kontakt\/\" target=\"_blank\" rel=\"noopener\">anfrage@focus-recht.de<\/a><\/p>\n<p>[\/et_pb_text][\/et_pb_column][et_pb_column type=&#8220;1_4&#8243;][et_pb_divider global_parent=&#8220;208737&#8243; height=&#8220;30px&#8220; _builder_version=&#8220;3.2&#8243; color=&#8220;#ffffff&#8220; show_divider=&#8220;off&#8220; \/][et_pb_social_media_follow global_parent=&#8220;208737&#8243; link_shape=&#8220;circle&#8220; _builder_version=&#8220;3.0.83&#8243; text_orientation=&#8220;right&#8220; url_new_window=&#8220;on&#8220; follow_button=&#8220;off&#8220; background_layout=&#8220;light&#8220; border_radii=&#8220;on|100%|100%|100%|100%&#8220;][et_pb_social_media_follow_network social_network=&#8220;facebook&#8220; url=&#8220;https:\/\/www.facebook.com\/focusRecht\/&#8220; _builder_version=&#8220;3.0.83&#8243; background_color=&#8220;#3b5998&#8243; link_shape=&#8220;circle&#8220; follow_button=&#8220;off&#8220; url_new_window=&#8220;on&#8220;]Facebook[\/et_pb_social_media_follow_network][et_pb_social_media_follow_network social_network=&#8220;google-plus&#8220; url=&#8220;https:\/\/plus.google.com\/u\/0\/108439653443419115986&#8243; _builder_version=&#8220;3.0.83&#8243; background_color=&#8220;#dd4b39&#8243; link_shape=&#8220;circle&#8220; follow_button=&#8220;off&#8220; url_new_window=&#8220;on&#8220;]Google+[\/et_pb_social_media_follow_network][et_pb_social_media_follow_network social_network=&#8220;twitter&#8220; _builder_version=&#8220;3.0.83&#8243; background_color=&#8220;#00aced&#8220; link_shape=&#8220;circle&#8220; follow_button=&#8220;off&#8220; url_new_window=&#8220;on&#8220;]Twitter[\/et_pb_social_media_follow_network][\/et_pb_social_media_follow][\/et_pb_column][et_pb_column type=&#8220;1_4&#8243;][et_pb_text admin_label=&#8220;ProvenExpert-Siegel&#8220; global_parent=&#8220;208737&#8243; background_layout=&#8220;dark&#8220; _builder_version=&#8220;3.0.83&#8243; text_text_color=&#8220;#666a74&#8243; background_size=&#8220;initial&#8220; background_position=&#8220;top_left&#8220; background_repeat=&#8220;repeat&#8220; max_width=&#8220;90%&#8220; module_alignment=&#8220;right&#8220;]<\/p>\n<p style=\"text-align: right;\"><!-- ProvenExpert Bewertungssiegel --><br \/><a style=\"text-decoration: none;\" title=\"Erfahrungen &amp; Bewertungen zu focusRecht GmbH &amp; Co. KG anzeigen\" href=\"https:\/\/www.provenexpert.com\/focusrecht-gmbh-co-kg\/?utm_source=Widget&amp;utm_medium=Widget&amp;utm_campaign=Widget\" target=\"_blank\" rel=\"noopener\"><img loading=\"lazy\" decoding=\"async\" style=\"border: 0;\" src=\"https:\/\/images.provenexpert.com\/5b\/73\/fd3ff5bc12458f45f41863f2f8e6\/widget_portrait_180_de_1.png\" alt=\"Erfahrungen &amp; Bewertungen zu focusRecht GmbH &amp; Co. KG\" width=\"180\" height=\"216\" \/><\/a><br \/><!-- ProvenExpert Bewertungssiegel --><\/p>\n<p>[\/et_pb_text][\/et_pb_column][\/et_pb_row][et_pb_row global_parent=&#8220;208737&#8243; _builder_version=&#8220;3.0.83&#8243; custom_margin=&#8220;||0px|&#8220;][et_pb_column type=&#8220;4_4&#8243;][et_pb_divider global_parent=&#8220;208737&#8243; color=&#8220;#666a74&#8243; show_divider=&#8220;on&#8220; height=&#8220;5px&#8220; _builder_version=&#8220;3.2&#8243; custom_padding=&#8220;||0px|&#8220; custom_margin=&#8220;||0px|&#8220; animation_style=&#8220;fold&#8220; \/][\/et_pb_column][\/et_pb_row][et_pb_row global_parent=&#8220;208737&#8243; _builder_version=&#8220;3.0.83&#8243; make_equal=&#8220;on&#8220; module_alignment=&#8220;center&#8220; custom_margin=&#8220;0px|||&#8220; custom_padding=&#8220;0px||0px|&#8220;][et_pb_column type=&#8220;1_2&#8243;][et_pb_text admin_label=&#8220;Copyright 2017&#8243; global_parent=&#8220;208737&#8243; background_layout=&#8220;dark&#8220; _builder_version=&#8220;3.17.6&#8243; text_text_color=&#8220;#666a74&#8243; background_size=&#8220;initial&#8220; background_position=&#8220;top_left&#8220; background_repeat=&#8220;repeat&#8220; module_alignment=&#8220;center&#8220;]<\/p>\n<p>\u00a9 2017 &#8211; 2019 by focusRecht GmbH &amp; Co. KG<\/p>\n<p>[\/et_pb_text][\/et_pb_column][et_pb_column type=&#8220;1_2&#8243;][et_pb_text admin_label=&#8220;Impressum, Datenschutz&#8220; global_parent=&#8220;208737&#8243; background_layout=&#8220;dark&#8220; _builder_version=&#8220;3.0.83&#8243; text_text_color=&#8220;#666a74&#8243; text_orientation=&#8220;right&#8220; module_alignment=&#8220;center&#8220; custom_margin=&#8220;0px|||&#8220;]<\/p>\n<p style=\"text-align: right;\"><a class=\"bbxFooterLink\" href=\"\/cms\/impressum\/\">Impressum<\/a>\u00a0 |\u00a0 <a class=\"bbxFooterLink\" href=\"\/cms\/datenschutz\/\">Datenschutz<\/a><\/p>\n<p>[\/et_pb_text][\/et_pb_column][\/et_pb_row][\/et_pb_section]<\/p>\n","protected":false},"excerpt":{"rendered":"<p>Ein konkretes Beispiel: Erl\u00f6s durch R\u00fcckabwicklung 1999 hat Herr Lindner eine Lebensversicherung mit einem monatlichen Beitrag in einer H\u00f6he von 150 EUR abgeschlossen. 2014 k\u00fcndigt er seine Versicherung, da er das Geld zum Erwerb einer Eigentumswohnung ben\u00f6tigt und die Gewinnprognose der Versicherung nicht mehr seinen Erwartungen entspricht. Der von seiner Versicherung ausbezahlte R\u00fcckkaufswert bel\u00e4uft sich [&hellip;]<\/p>\n","protected":false},"author":1,"featured_media":0,"parent":209281,"menu_order":4,"comment_status":"closed","ping_status":"closed","template":"","meta":{"_et_pb_use_builder":"on","_et_pb_old_content":"","_et_gb_content_width":"","footnotes":""},"_links":{"self":[{"href":"https:\/\/www.focus-recht.de\/cms\/wp-json\/wp\/v2\/pages\/208340"}],"collection":[{"href":"https:\/\/www.focus-recht.de\/cms\/wp-json\/wp\/v2\/pages"}],"about":[{"href":"https:\/\/www.focus-recht.de\/cms\/wp-json\/wp\/v2\/types\/page"}],"author":[{"embeddable":true,"href":"https:\/\/www.focus-recht.de\/cms\/wp-json\/wp\/v2\/users\/1"}],"replies":[{"embeddable":true,"href":"https:\/\/www.focus-recht.de\/cms\/wp-json\/wp\/v2\/comments?post=208340"}],"version-history":[{"count":0,"href":"https:\/\/www.focus-recht.de\/cms\/wp-json\/wp\/v2\/pages\/208340\/revisions"}],"up":[{"embeddable":true,"href":"https:\/\/www.focus-recht.de\/cms\/wp-json\/wp\/v2\/pages\/209281"}],"wp:attachment":[{"href":"https:\/\/www.focus-recht.de\/cms\/wp-json\/wp\/v2\/media?parent=208340"}],"curies":[{"name":"wp","href":"https:\/\/api.w.org\/{rel}","templated":true}]}}