{"id":208325,"date":"2017-10-09T10:56:06","date_gmt":"2017-10-09T08:56:06","guid":{"rendered":"https:\/\/www.focus-recht.de\/cms\/?page_id=208325"},"modified":"2021-07-09T10:08:13","modified_gmt":"2021-07-09T08:08:13","slug":"kontakt","status":"publish","type":"page","link":"https:\/\/www.focus-recht.de\/cms\/kontakt\/","title":{"rendered":"Kontakt"},"content":{"rendered":"<p>[et_pb_section fb_built=&#8220;1&#8243; fullwidth=&#8220;on&#8220; _builder_version=&#8220;3.22&#8243; max_width_tablet=&#8220;&#8220; max_width_phone=&#8220;&#8220; max_width_last_edited=&#8220;on|tablet&#8220; module_alignment=&#8220;right&#8220;][et_pb_fullwidth_map address=&#8220;Mozartstra\u00dfe 24, 79104 Freiburg im Breisgau, Deutschland&#8220; zoom_level=&#8220;14&#8243; address_lat=&#8220;47.99319371954619&#8243; address_lng=&#8220;7.84676762000732&#8243; admin_label=&#8220;Vollbreite FCR-Google-Karte&#8220; _builder_version=&#8220;3.0.91&#8243; box_shadow_style=&#8220;preset3&#8243;][et_pb_map_pin title=&#8220;focusRecht GmbH &#038; Co. KG&#8220; pin_address=&#8220;Mozartstra\u00dfe 24, 79104 Freiburg im Breisgau, Deutschland&#8220; pin_address_lat=&#8220;47.9991958&#8243; pin_address_lng=&#8220;7.859856799999989&#8243; _builder_version=&#8220;3.0.83&#8243;]focusRecht GmbH &amp; Co. KG<br \/>\n[\/et_pb_map_pin][\/et_pb_fullwidth_map][\/et_pb_section][et_pb_section fb_built=&#8220;1&#8243; use_custom_gutter=&#8220;on&#8220; gutter_width=&#8220;4&#8243; specialty=&#8220;on&#8220; parallax_method_1=&#8220;off&#8220; parallax_method_2=&#8220;off&#8220; background_position_1=&#8220;top_left&#8220; background_position_2=&#8220;top_left&#8220; background_repeat_1=&#8220;no-repeat&#8220; background_repeat_2=&#8220;no-repeat&#8220; admin_label=&#8220;Contact Us&#8220; _builder_version=&#8220;3.22&#8243; background_color=&#8220;rgba(160,145,134,0.35)&#8220; background_blend=&#8220;overlay&#8220; inner_max_width=&#8220;none&#8220; custom_padding=&#8220;0px||0px|&#8220; padding_mobile=&#8220;on&#8220; collapsed=&#8220;off&#8220;][et_pb_column type=&#8220;1_3&#8243; _builder_version=&#8220;3.25&#8243; custom_padding=&#8220;|||&#8220; custom_padding__hover=&#8220;|||&#8220;][et_pb_blurb title=&#8220;+49 761 59 59 512&#8243; url=&#8220;#&#8220; use_icon=&#8220;on&#8220; font_icon=&#8220;%%264%%&#8220; icon_color=&#8220;#a09186&#8243; icon_placement=&#8220;left&#8220; use_icon_font_size=&#8220;on&#8220; icon_font_size=&#8220;30px&#8220; admin_label=&#8220;Blurb&#8220; _builder_version=&#8220;3.22.7&#8243; header_text_color=&#8220;#005096&#8243; header_font_size=&#8220;25&#8243; body_text_color=&#8220;#7c6a6a&#8220; max_width_tablet=&#8220;50px&#8220; custom_padding=&#8220;100px|||&#8220; animation=&#8220;off&#8220; z_index_tablet=&#8220;500&#8243; custom_css_blurb_image=&#8220;text-align: left;||margin-bottom: 8px;&#8220; custom_css_blurb_title=&#8220;font-weight: 300;&#8220;]<\/p>\n<p>Servicenummer<\/p>\n<p>[\/et_pb_blurb][et_pb_divider show_divider=&#8220;off&#8220; disabled_on=&#8220;off&#8220; admin_label=&#8220;Divider (left)&#8220; _builder_version=&#8220;3.2&#8243; custom_css_before=&#8220;width: 100px;&#8220; hide_on_mobile=&#8220;off&#8220;][\/et_pb_divider][et_pb_text admin_label=&#8220;Text Adresse&#8220; _builder_version=&#8220;3.27.4&#8243; border_style=&#8220;solid&#8220;]<\/p>\n<p>\n<strong>focusRecht<\/strong> GmbH &amp; Co. KG<br \/>Mozartstra\u00dfe 24<br \/>D-79104 Freiburg i. Breisgau<br \/>Fax: +49 761 59 59 515<br \/>E-Mail: anfrage@focus-recht.de<\/p>\n<p>[\/et_pb_text][\/et_pb_column][et_pb_column type=&#8220;2_3&#8243; specialty_columns=&#8220;2&#8243; _builder_version=&#8220;3.25&#8243; custom_padding=&#8220;|||&#8220; custom_padding__hover=&#8220;|||&#8220;][et_pb_row_inner column_padding_mobile=&#8220;on&#8220; custom_padding_last_edited=&#8220;on|tablet&#8220; admin_label=&#8220;Row&#8220; _builder_version=&#8220;3.25&#8243; custom_padding=&#8220;132px||120px|&#8220; custom_padding_tablet=&#8220;60px||120px|&#8220; custom_padding_phone=&#8220;&#8220;][et_pb_column_inner saved_specialty_column_type=&#8220;2_3&#8243; _builder_version=&#8220;3.25&#8243; custom_padding=&#8220;|||&#8220; custom_padding__hover=&#8220;|||&#8220;][et_pb_text admin_label=&#8220;Kontakt&#8220; _builder_version=&#8220;3.27.4&#8243; text_font_size=&#8220;45&#8243; header_font_size=&#8220;45&#8243; background_size=&#8220;initial&#8220; background_position=&#8220;top_left&#8220; background_repeat=&#8220;repeat&#8220; background_layout=&#8220;dark&#8220; max_width_tablet=&#8220;&#8220; max_width_phone=&#8220;&#8220; max_width_last_edited=&#8220;on|phone&#8220; module_alignment=&#8220;left&#8220; custom_margin=&#8220;||10px|&#8220; text_font_size_tablet=&#8220;35&#8243; text_font_size_phone=&#8220;25&#8243; text_font_size_last_edited=&#8220;off|phone&#8220; header_font_size_last_edited=&#8220;off|desktop&#8220; custom_css_main_element=&#8220;font-weight:900!important;&#8220; border_style=&#8220;solid&#8220;]<\/p>\n<p> Kontakt <\/p>\n<p>[\/et_pb_text][et_pb_divider show_divider=&#8220;off&#8220; disabled_on=&#8220;off&#8220; admin_label=&#8220;Divider (left)&#8220; _builder_version=&#8220;3.2&#8243; custom_css_before=&#8220;width: 100px;&#8220; hide_on_mobile=&#8220;off&#8220;][\/et_pb_divider][et_pb_text _builder_version=&#8220;3.27.4&#8243;]<\/p>\n<p>Ob per E-Mail oder telefonisch \u2013 unsere Mitarbeiter sind jederzeit gerne f\u00fcr Sie da.<\/p>\n<p>[\/et_pb_text][et_pb_contact_form email=&#8220;anfrage@focus-recht.de&#8220; success_message=&#8220;Herzlichen Dank f\u00fcr Ihre Anfrage. Wir werden uns schnellstm\u00f6glich um Ihr Anliegen k\u00fcmmern.&#8220; submit_button_text=&#8220;Nachricht senden&#8220; module_id=&#8220;et_pb_contact_form_0&#8243; _builder_version=&#8220;4.9.7&#8243; form_field_background_color=&#8220;#f9f9f9&#8243; form_field_text_color=&#8220;#ffffff&#8220; title_text_color=&#8220;#ffffff&#8220; title_font_size=&#8220;15&#8243; form_field_font_size=&#8220;18&#8243; custom_button=&#8220;on&#8220; button_text_size=&#8220;13&#8243; button_text_color=&#8220;#ffffff&#8220; button_bg_color=&#8220;#005096&#8243; button_border_width=&#8220;1&#8243; button_border_color=&#8220;#005096&#8243; button_border_radius=&#8220;1&#8243; button_font=&#8220;|600|||||||&#8220; button_use_icon=&#8220;off&#8220; custom_css_contact_button=&#8220;padding-top: 10px !important;||padding-right: 22px !important;||padding-bottom: 10px !important;||padding-left: 22px !important;&#8220; border_radii=&#8220;on|0px|0px|0px|0px&#8220; form_background_color=&#8220;#f9f9f9&#8243; button_text_color_hover=&#8220;#005096&#8243; button_bg_color_hover=&#8220;#ffffff&#8220; button_border_radius_hover=&#8220;1&#8243; button_letter_spacing_hover=&#8220;0&#8243; button_border_color_hover=&#8220;#a09186&#8243;][et_pb_contact_field field_id=&#8220;vorname&#8220; field_title=&#8220;Vorname&#8220; _builder_version=&#8220;3.23&#8243; form_field_background_color=&#8220;#ffffff&#8220; form_field_text_color=&#8220;#7c6a6a&#8220; form_field_font=&#8220;||||&#8220; text_orientation=&#8220;left&#8220; border_radii=&#8220;on|1px|1px|1px|1px&#8220; border_width_all=&#8220;1&#8243; border_color_all=&#8220;#7c6a6a&#8220; border_style_all=&#8220;solid&#8220; use_border_color=&#8220;on&#8220; border_color=&#8220;#7c6a6a&#8220; border_width=&#8220;1&#8243; border_style=&#8220;solid&#8220; input_border_radius=&#8220;1&#8243; field_background_color=&#8220;#ffffff&#8220; button_text_size__hover_enabled=&#8220;off&#8220; button_one_text_size__hover_enabled=&#8220;off&#8220; button_two_text_size__hover_enabled=&#8220;off&#8220; button_text_color__hover_enabled=&#8220;off&#8220; button_one_text_color__hover_enabled=&#8220;off&#8220; button_two_text_color__hover_enabled=&#8220;off&#8220; button_border_width__hover_enabled=&#8220;off&#8220; button_one_border_width__hover_enabled=&#8220;off&#8220; button_two_border_width__hover_enabled=&#8220;off&#8220; button_border_color__hover_enabled=&#8220;off&#8220; button_one_border_color__hover_enabled=&#8220;off&#8220; button_two_border_color__hover_enabled=&#8220;off&#8220; button_border_radius__hover_enabled=&#8220;off&#8220; button_one_border_radius__hover_enabled=&#8220;off&#8220; button_two_border_radius__hover_enabled=&#8220;off&#8220; button_letter_spacing__hover_enabled=&#8220;off&#8220; button_one_letter_spacing__hover_enabled=&#8220;off&#8220; button_two_letter_spacing__hover_enabled=&#8220;off&#8220; button_bg_color__hover_enabled=&#8220;off&#8220; button_one_bg_color__hover_enabled=&#8220;off&#8220; button_two_bg_color__hover_enabled=&#8220;off&#8220;][\/et_pb_contact_field][et_pb_contact_field field_id=&#8220;nachname&#8220; field_title=&#8220;Nachname&#8220; _builder_version=&#8220;3.23&#8243; form_field_background_color=&#8220;#ffffff&#8220; form_field_text_color=&#8220;#7c6a6a&#8220; form_field_font=&#8220;||||&#8220; text_orientation=&#8220;left&#8220; border_radii=&#8220;on|1px|1px|1px|1px&#8220; border_width_all=&#8220;1&#8243; border_color_all=&#8220;#7c6a6a&#8220; border_style_all=&#8220;solid&#8220; use_border_color=&#8220;on&#8220; border_color=&#8220;#7c6a6a&#8220; border_width=&#8220;1&#8243; border_style=&#8220;solid&#8220; input_border_radius=&#8220;1&#8243; field_background_color=&#8220;#ffffff&#8220; button_text_size__hover_enabled=&#8220;off&#8220; button_one_text_size__hover_enabled=&#8220;off&#8220; button_two_text_size__hover_enabled=&#8220;off&#8220; button_text_color__hover_enabled=&#8220;off&#8220; button_one_text_color__hover_enabled=&#8220;off&#8220; button_two_text_color__hover_enabled=&#8220;off&#8220; button_border_width__hover_enabled=&#8220;off&#8220; button_one_border_width__hover_enabled=&#8220;off&#8220; button_two_border_width__hover_enabled=&#8220;off&#8220; button_border_color__hover_enabled=&#8220;off&#8220; button_one_border_color__hover_enabled=&#8220;off&#8220; button_two_border_color__hover_enabled=&#8220;off&#8220; button_border_radius__hover_enabled=&#8220;off&#8220; button_one_border_radius__hover_enabled=&#8220;off&#8220; button_two_border_radius__hover_enabled=&#8220;off&#8220; button_letter_spacing__hover_enabled=&#8220;off&#8220; button_one_letter_spacing__hover_enabled=&#8220;off&#8220; button_two_letter_spacing__hover_enabled=&#8220;off&#8220; button_bg_color__hover_enabled=&#8220;off&#8220; button_one_bg_color__hover_enabled=&#8220;off&#8220; button_two_bg_color__hover_enabled=&#8220;off&#8220;][\/et_pb_contact_field][et_pb_contact_field field_id=&#8220;email&#8220; field_title=&#8220;E-Mail Adresse&#8220; field_type=&#8220;email&#8220; fullwidth_field=&#8220;on&#8220; _builder_version=&#8220;3.23&#8243; form_field_background_color=&#8220;#ffffff&#8220; form_field_text_color=&#8220;#7c6a6a&#8220; form_field_font=&#8220;||||&#8220; text_orientation=&#8220;left&#8220; border_radii=&#8220;on|1px|1px|1px|1px&#8220; border_width_all=&#8220;1&#8243; border_color_all=&#8220;#7c6a6a&#8220; border_style_all=&#8220;solid&#8220; use_border_color=&#8220;on&#8220; border_color=&#8220;#7c6a6a&#8220; border_width=&#8220;1&#8243; border_style=&#8220;solid&#8220; input_border_radius=&#8220;1&#8243; field_background_color=&#8220;#ffffff&#8220; button_text_size__hover_enabled=&#8220;off&#8220; button_one_text_size__hover_enabled=&#8220;off&#8220; button_two_text_size__hover_enabled=&#8220;off&#8220; button_text_color__hover_enabled=&#8220;off&#8220; button_one_text_color__hover_enabled=&#8220;off&#8220; button_two_text_color__hover_enabled=&#8220;off&#8220; button_border_width__hover_enabled=&#8220;off&#8220; button_one_border_width__hover_enabled=&#8220;off&#8220; button_two_border_width__hover_enabled=&#8220;off&#8220; button_border_color__hover_enabled=&#8220;off&#8220; button_one_border_color__hover_enabled=&#8220;off&#8220; button_two_border_color__hover_enabled=&#8220;off&#8220; button_border_radius__hover_enabled=&#8220;off&#8220; button_one_border_radius__hover_enabled=&#8220;off&#8220; button_two_border_radius__hover_enabled=&#8220;off&#8220; button_letter_spacing__hover_enabled=&#8220;off&#8220; button_one_letter_spacing__hover_enabled=&#8220;off&#8220; button_two_letter_spacing__hover_enabled=&#8220;off&#8220; button_bg_color__hover_enabled=&#8220;off&#8220; button_one_bg_color__hover_enabled=&#8220;off&#8220; button_two_bg_color__hover_enabled=&#8220;off&#8220;][\/et_pb_contact_field][et_pb_contact_field field_id=&#8220;nachricht&#8220; field_title=&#8220;Ihre Nachricht&#8220; field_type=&#8220;text&#8220; fullwidth_field=&#8220;on&#8220; _builder_version=&#8220;4.4.8&#8243; form_field_background_color=&#8220;#ffffff&#8220; form_field_text_color=&#8220;#7c6a6a&#8220; form_field_font=&#8220;||||&#8220; border_radii=&#8220;on|1px|1px|1px|1px&#8220; border_width_all=&#8220;1&#8243; border_color_all=&#8220;#7c6a6a&#8220; border_style_all=&#8220;solid&#8220; use_border_color=&#8220;on&#8220; border_color=&#8220;#7c6a6a&#8220; border_width=&#8220;1&#8243; border_style=&#8220;solid&#8220; input_border_radius=&#8220;1&#8243; field_background_color=&#8220;#ffffff&#8220; button_text_size__hover_enabled=&#8220;off&#8220; button_one_text_size__hover_enabled=&#8220;off&#8220; button_two_text_size__hover_enabled=&#8220;off&#8220; button_text_color__hover_enabled=&#8220;off&#8220; button_one_text_color__hover_enabled=&#8220;off&#8220; button_two_text_color__hover_enabled=&#8220;off&#8220; button_border_width__hover_enabled=&#8220;off&#8220; button_one_border_width__hover_enabled=&#8220;off&#8220; button_two_border_width__hover_enabled=&#8220;off&#8220; button_border_color__hover_enabled=&#8220;off&#8220; button_one_border_color__hover_enabled=&#8220;off&#8220; button_two_border_color__hover_enabled=&#8220;off&#8220; button_border_radius__hover_enabled=&#8220;off&#8220; button_one_border_radius__hover_enabled=&#8220;off&#8220; button_two_border_radius__hover_enabled=&#8220;off&#8220; button_letter_spacing__hover_enabled=&#8220;off&#8220; button_one_letter_spacing__hover_enabled=&#8220;off&#8220; button_two_letter_spacing__hover_enabled=&#8220;off&#8220; button_bg_color__hover_enabled=&#8220;off&#8220; button_one_bg_color__hover_enabled=&#8220;off&#8220; button_two_bg_color__hover_enabled=&#8220;off&#8220;][\/et_pb_contact_field][et_pb_contact_field field_id=&#8220;datenschutz&#8220; field_title=&#8220;Datenschutz&#8220; field_type=&#8220;checkbox&#8220; checkbox_options=&#8220;%91{%22value%22:%22 Ich bin mit den Bestimmungen zum Datenschutz einverstanden. %22,%22checked%22:0,%22dragID%22:-1}%93&#8243; fullwidth_field=&#8220;on&#8220; _builder_version=&#8220;4.4.8&#8243; form_field_text_color=&#8220;#666a74&#8243;][\/et_pb_contact_field][et_pb_contact_field field_id=&#8220;email-verifikation&#8220; field_title=&#8220;Wiederholung Ihrer E-Mail-Adresse zur Verifikation&#8220; field_type=&#8220;email&#8220; fullwidth_field=&#8220;on&#8220; conditional_logic=&#8220;on&#8220; conditional_logic_rules=&#8220;%91{%22field%22:%22datenschutz%22,%22condition%22:%22is%22,%22value%22:%22 Ich bin mit den Bestimmungen zum Datenschutz einverstanden. %22}%93&#8243; _builder_version=&#8220;4.4.8&#8243; form_field_text_color=&#8220;#666a74&#8243; border_color_all=&#8220;#666a74&#8243;][\/et_pb_contact_field][et_pb_contact_field field_id=&#8220;geburtsjahr&#8220; field_title=&#8220;Bitte geben Sie Ihr Geburtsjahr 4-stellig ein&#8220; min_length=&#8220;4&#8243; max_length=&#8220;4&#8243; allowed_symbols=&#8220;numbers&#8220; conditional_logic=&#8220;on&#8220; conditional_logic_relation=&#8220;on&#8220; conditional_logic_rules=&#8220;%91{%22field%22:%22datenschutz%22,%22condition%22:%22is%22,%22value%22:%22 Ich bin mit den Bestimmungen zum Datenschutz einverstanden. %22},{%22field%22:%22email-verifikation%22,%22condition%22:%22contains%22,%22value%22:%22@%22}%93&#8243; _builder_version=&#8220;4.9.7&#8243; form_field_text_color=&#8220;#666a74&#8243; border_color_all=&#8220;#666a74&#8243;][\/et_pb_contact_field][\/et_pb_contact_form][et_pb_text _builder_version=&#8220;3.27.4&#8243;]<\/p>\n<p>Mit Klick auf &#8222;<strong>Nachricht senden<\/strong>&#8220; akzeptiere ich die <a href=\"https:\/\/www.focus-recht.de\/cms\/datenschutz\/\">Datenschutzbestimmungen.<\/a><\/p>\n<p>[\/et_pb_text][\/et_pb_column_inner][\/et_pb_row_inner][\/et_pb_column][\/et_pb_section][et_pb_section fb_built=&#8220;1&#8243; admin_label=&#8220;Footer&#8220; module_class=&#8220;mp_s_footer&#8220; _builder_version=&#8220;3.0.83&#8243; background_color=&#8220;rgba(0,36,84,0)&#8220; use_background_color_gradient=&#8220;on&#8220; background_color_gradient_start=&#8220;#002454&#8243; background_color_gradient_end=&#8220;#002454&#8243; background_color_gradient_direction=&#8220;191deg&#8220; custom_padding=&#8220;0px|||&#8220; transparent_background=&#8220;on&#8220; global_module=&#8220;208737&#8243; collapsed=&#8220;off&#8220;][et_pb_row column_structure=&#8220;1_2,1_4,1_4&#8243; admin_label=&#8220;row&#8220; _builder_version=&#8220;3.25&#8243; background_size=&#8220;initial&#8220; background_position=&#8220;top_left&#8220; background_repeat=&#8220;repeat&#8220; custom_padding=&#8220;||0px|&#8220;][et_pb_column type=&#8220;1_2&#8243; module_class=&#8220;mp_r_footer_c1&#8243; _builder_version=&#8220;3.25&#8243; custom_padding=&#8220;|||&#8220; custom_padding__hover=&#8220;|||&#8220;][et_pb_divider show_divider=&#8220;off&#8220; _builder_version=&#8220;3.2&#8243; height=&#8220;30px&#8220;][\/et_pb_divider][et_pb_text _builder_version=&#8220;4.4.8&#8243; text_text_color=&#8220;#666a74&#8243; custom_padding=&#8220;||0px|||&#8220; z_index_tablet=&#8220;500&#8243;]<\/p>\n<p><strong>focusRecht<\/strong>\u00a0GmbH &amp; Co. KG<br \/> Mozartstra\u00dfe 24<br \/> D-79104 Freiburg i. Breisgau<br \/> <span style=\"text-decoration: underline; color: #999999;\"><span><a href=\"tel:+497615959512\" style=\"text-decoration: underline; color: #999999;\">+49 761 59 59 512<\/a><\/span><\/span><br \/><span style=\"text-decoration: underline; color: #999999;\"> <span> <a href=\"https:\/\/www.focus-recht.de\/cms\/kontakt\/\" target=\"_blank\" rel=\"noopener noreferrer\" style=\"text-decoration: underline; color: #999999;\">anfrage@focus-recht.de<\/a><\/span><\/span><\/p>\n<p>[\/et_pb_text][\/et_pb_column][et_pb_column type=&#8220;1_4&#8243; module_class=&#8220;mp_r_footer_c2&#8243; _builder_version=&#8220;3.25&#8243; custom_padding=&#8220;|||&#8220; custom_padding__hover=&#8220;|||&#8220;][et_pb_text admin_label=&#8220;Text \/ Code yellow Siegel&#8220; _builder_version=&#8220;3.27.4&#8243;]<\/p>\n<div style=\"position: relative; overflow: hidden; background-image: url('https:\/\/www.goyellow.de\/siegel\/topx.svg?badgename=TOP&amp;badgedate=04\/2019'); background-repeat: no-repeat; display: block; width: 250px; height: 250px;\">\n<div style=\"position: absolute; overflow: hidden; text-align: left; line-height: 16px; display: block; box-sizing: content-box; font-family: arial, sans-serif; font-size: 12px; font-weight: bold; padding: 0 14px; margin: 0; bottom: 16px; width: 220px; left: 0px; height: 70px;\"><a style=\"word-wrap: break-word; display: block; padding: 0; margin: 0; box-sizing: content-box; font-family: arial, sans-serif; font-size: 12px; font-weight: bold; color: #0b5fb4; text-decoration: underline;\" title=\"focusRecht GmbH &amp; Co.KG\" href=\"https:\/\/www.goyellow.de\/home\/verbraucherschutz-focusrecht-gmbh-co-kg-freiburg--4l3c8w.html?topxid=300755604\" target=\"_blank\" rel=\"noopener noreferrer\">focusRecht GmbH &amp; Co.KG<\/a><br \/><a style=\"word-wrap: break-word; display: block; padding: 0; margin: 7px 0 0 0; box-sizing: content-box; font-family: arial, sans-serif; font-size: 12px; font-weight: bold; color: #0b5fb4; text-decoration: underline;\" title=\"Verbraucherschutz in Freiburg\" href=\"https:\/\/www.goyellow.de\/suche\/verbraucherschutz\/freiburg?topxid=300755604\" target=\"_blank\" rel=\"noopener noreferrer\">Verbraucherschutz\u00a0Freiburg<\/a><\/div>\n<\/div>\n<p>[\/et_pb_text][et_pb_divider show_divider=&#8220;off&#8220; _builder_version=&#8220;3.2&#8243; height=&#8220;30px&#8220;][\/et_pb_divider][\/et_pb_column][et_pb_column type=&#8220;1_4&#8243; module_class=&#8220;mp_r_footer_c3&#8243; _builder_version=&#8220;3.25&#8243; custom_padding=&#8220;|0px||&#8220; custom_padding__hover=&#8220;|||&#8220;][et_pb_text admin_label=&#8220;ProvenExpert-Siegel&#8220; _builder_version=&#8220;3.27.4&#8243; text_text_color=&#8220;#666a74&#8243; background_size=&#8220;initial&#8220; background_position=&#8220;top_left&#8220; background_repeat=&#8220;repeat&#8220; background_layout=&#8220;dark&#8220; max_width=&#8220;90%&#8220; module_alignment=&#8220;right&#8220;]<\/p>\n<p style=\"text-align: right;\"><!-- ProvenExpert Bewertungssiegel --><br \/><a style=\"text-decoration: none;\" title=\"Erfahrungen &amp; Bewertungen zu focusRecht GmbH &amp; Co. KG anzeigen\" href=\"https:\/\/www.provenexpert.com\/focusrecht-gmbh-co-kg\/?utm_source=Widget&amp;utm_medium=Widget&amp;utm_campaign=Widget\" target=\"_blank\" rel=\"noopener noreferrer\"><img loading=\"lazy\" decoding=\"async\" style=\"border: 0;\" src=\"https:\/\/images.provenexpert.com\/5b\/73\/fd3ff5bc12458f45f41863f2f8e6\/widget_portrait_180_de_1.png\" alt=\"Erfahrungen &amp; Bewertungen zu focusRecht GmbH &amp; Co. KG\" width=\"180\" height=\"216\" \/><\/a><br \/><!-- ProvenExpert Bewertungssiegel --><\/p>\n<p>[\/et_pb_text][\/et_pb_column][\/et_pb_row][et_pb_row _builder_version=&#8220;3.25&#8243; custom_margin=&#8220;||0px|&#8220;][et_pb_column type=&#8220;4_4&#8243; _builder_version=&#8220;3.25&#8243; custom_padding=&#8220;|||&#8220; custom_padding__hover=&#8220;|||&#8220;][et_pb_divider color=&#8220;#666a74&#8243; _builder_version=&#8220;3.2&#8243; height=&#8220;5px&#8220; custom_margin=&#8220;||0px|&#8220; custom_padding=&#8220;||0px|&#8220; animation_style=&#8220;fold&#8220;][\/et_pb_divider][\/et_pb_column][\/et_pb_row][et_pb_row column_structure=&#8220;1_3,1_3,1_3&#8243; make_equal=&#8220;on&#8220; _builder_version=&#8220;3.25&#8243; module_alignment=&#8220;center&#8220; custom_margin=&#8220;0px|||&#8220; custom_padding=&#8220;0px||0px|&#8220;][et_pb_column type=&#8220;1_3&#8243; _builder_version=&#8220;3.25&#8243; custom_padding=&#8220;|||&#8220; custom_padding__hover=&#8220;|||&#8220;][et_pb_text admin_label=&#8220;Copyright 2017&#8243; _builder_version=&#8220;4.4.8&#8243; text_text_color=&#8220;#666a74&#8243; background_size=&#8220;initial&#8220; background_position=&#8220;top_left&#8220; background_repeat=&#8220;repeat&#8220; background_layout=&#8220;dark&#8220; module_alignment=&#8220;center&#8220;]<\/p>\n<p>\u00a9 2017 &#8211; 2021 focusRecht<\/p>\n<p>[\/et_pb_text][\/et_pb_column][et_pb_column type=&#8220;1_3&#8243; _builder_version=&#8220;3.25&#8243; custom_padding=&#8220;|||&#8220; custom_padding__hover=&#8220;|||&#8220;][et_pb_social_media_follow follow_button=&#8220;on&#8220; _builder_version=&#8220;3.20.2&#8243; text_orientation=&#8220;center&#8220; background_layout=&#8220;dark&#8220;][et_pb_social_media_follow_network social_network=&#8220;facebook&#8220; url=&#8220;https:\/\/www.facebook.com\/focusRecht\/&#8220; _builder_version=&#8220;3.20.2&#8243; background_color=&#8220;#3b5998&#8243; follow_button=&#8220;on&#8220; url_new_window=&#8220;on&#8220;]<\/p>\n<p>Facebook<\/p>\n<p>[\/et_pb_social_media_follow_network][\/et_pb_social_media_follow][\/et_pb_column][et_pb_column type=&#8220;1_3&#8243; _builder_version=&#8220;3.25&#8243; custom_padding=&#8220;|||&#8220; custom_padding__hover=&#8220;|||&#8220;][et_pb_text admin_label=&#8220;Impressum, Datenschutz&#8220; _builder_version=&#8220;3.27.4&#8243; text_text_color=&#8220;#666a74&#8243; text_orientation=&#8220;right&#8220; background_layout=&#8220;dark&#8220; module_alignment=&#8220;center&#8220; custom_margin=&#8220;0px|||&#8220;]<\/p>\n<p style=\"text-align: right;\"><a class=\"bbxFooterLink\" href=\"\/cms\/impressum\/\">Impressum<\/a>\u00a0 |\u00a0 <a class=\"bbxFooterLink\" href=\"\/cms\/datenschutz\/\">Datenschutz<\/a><\/p>\n<p>[\/et_pb_text][\/et_pb_column][\/et_pb_row][\/et_pb_section]<\/p>\n","protected":false},"excerpt":{"rendered":"<p>focusRecht GmbH &amp; Co. KG Servicenummer focusRecht GmbH &amp; Co. KGMozartstra\u00dfe 24D-79104 Freiburg i. BreisgauFax: +49 761 59 59 515E-Mail: anfrage@focus-recht.de Kontakt Ob per E-Mail oder telefonisch \u2013 unsere Mitarbeiter sind jederzeit gerne f\u00fcr Sie da. Mit Klick auf &#8222;Nachricht senden&#8220; akzeptiere ich die Datenschutzbestimmungen. focusRecht\u00a0GmbH &amp; Co. KG Mozartstra\u00dfe 24 D-79104 Freiburg i. Breisgau [&hellip;]<\/p>\n","protected":false},"author":1,"featured_media":0,"parent":0,"menu_order":40,"comment_status":"closed","ping_status":"closed","template":"","meta":{"_et_pb_use_builder":"on","_et_pb_old_content":"","_et_gb_content_width":"","footnotes":""},"_links":{"self":[{"href":"https:\/\/www.focus-recht.de\/cms\/wp-json\/wp\/v2\/pages\/208325"}],"collection":[{"href":"https:\/\/www.focus-recht.de\/cms\/wp-json\/wp\/v2\/pages"}],"about":[{"href":"https:\/\/www.focus-recht.de\/cms\/wp-json\/wp\/v2\/types\/page"}],"author":[{"embeddable":true,"href":"https:\/\/www.focus-recht.de\/cms\/wp-json\/wp\/v2\/users\/1"}],"replies":[{"embeddable":true,"href":"https:\/\/www.focus-recht.de\/cms\/wp-json\/wp\/v2\/comments?post=208325"}],"version-history":[{"count":0,"href":"https:\/\/www.focus-recht.de\/cms\/wp-json\/wp\/v2\/pages\/208325\/revisions"}],"wp:attachment":[{"href":"https:\/\/www.focus-recht.de\/cms\/wp-json\/wp\/v2\/media?parent=208325"}],"curies":[{"name":"wp","href":"https:\/\/api.w.org\/{rel}","templated":true}]}}