{"id":208318,"date":"2017-10-09T10:54:48","date_gmt":"2017-10-09T08:54:48","guid":{"rendered":"https:\/\/www.focus-recht.de\/cms\/?page_id=208318"},"modified":"2019-03-07T16:29:41","modified_gmt":"2019-03-07T15:29:41","slug":"kosten","status":"publish","type":"page","link":"https:\/\/www.focus-recht.de\/cms\/focusrecht\/kosten\/","title":{"rendered":"Kosten"},"content":{"rendered":"<p>[et_pb_section bb_built=&#8220;1&#8243; admin_label=&#8220;Header Section&#8220; parallax_method=&#8220;off&#8220; padding_mobile=&#8220;on&#8220; custom_padding=&#8220;0px||0px|&#8220; collapsed=&#8220;off&#8220; disabled_on=&#8220;off|off|off&#8220; disabled=&#8220;off&#8220; background_image=&#8220;https:\/\/www.focus-recht.de\/cms\/wp-content\/uploads\/2017\/10\/FCR-FullStripe-Sekt-2.jpg&#8220; _builder_version=&#8220;3.0.79&#8243; background_color_gradient_start=&#8220;rgba(0,0,0,0.89)&#8220; background_color_gradient_end=&#8220;#474747&#8243; background_color=&#8220;#ffffff&#8220; use_background_color_gradient=&#8220;on&#8220; background_position=&#8220;top_center&#8220; background_color_gradient_direction=&#8220;131deg&#8220; next_background_color=&#8220;#ffffff&#8220;][et_pb_row admin_label=&#8220;row&#8220; custom_padding=&#8220;5.5%||2.5%|&#8220; parallax_method=&#8220;off&#8220; parallax_method_1=&#8220;off&#8220; parallax_2=&#8220;off&#8220; parallax_method_2=&#8220;off&#8220; column_padding_mobile=&#8220;on&#8220; custom_padding_phone=&#8220;36px||36px|&#8220; custom_padding_last_edited=&#8220;on|desktop&#8220; background_position=&#8220;top_left&#8220; background_repeat=&#8220;repeat&#8220; background_size=&#8220;initial&#8220; _builder_version=&#8220;3.0.78&#8243; background_position_1=&#8220;top_left&#8220; background_repeat_1=&#8220;no-repeat&#8220;][et_pb_column type=&#8220;4_4&#8243;][et_pb_divider admin_label=&#8220;Sektgl\u00e4ser&#8220; _builder_version=&#8220;3.0.79&#8243; divider_style=&#8220;solid&#8220; divider_position=&#8220;top&#8220; height=&#8220;300px&#8220; color=&#8220;#ffffff&#8220; show_divider=&#8220;off&#8220; \/][\/et_pb_column][\/et_pb_row][\/et_pb_section][et_pb_section bb_built=&#8220;1&#8243; admin_label=&#8220;Accounting Services&#8220; module_id=&#8220;accounting_services&#8220; _builder_version=&#8220;3.0.78&#8243; collapsed=&#8220;off&#8220; prev_background_color=&#8220;#000000&#8243; next_background_color=&#8220;#f2efe8&#8243;][et_pb_row admin_label=&#8220;Row&#8220; _builder_version=&#8220;3.0.78&#8243; background_size=&#8220;initial&#8220; background_position=&#8220;top_left&#8220; background_repeat=&#8220;repeat&#8220; _i=&#8220;0&#8243; _address=&#8220;1.0&#8243;][et_pb_column type=&#8220;4_4&#8243;][et_pb_text admin_label=&#8220;gemeinsam am Ziel&#8220; _builder_version=&#8220;3.19.5&#8243; text_font_size_tablet=&#8220;16&#8243; text_font_size_phone=&#8220;14&#8243; text_font_size_last_edited=&#8220;on|phone&#8220; text_text_color=&#8220;#005096&#8243; background_size=&#8220;initial&#8220; background_position=&#8220;top_left&#8220; background_repeat=&#8220;repeat&#8220; text_orientation=&#8220;center&#8220; module_alignment=&#8220;center&#8220; custom_margin=&#8220;||15px|&#8220; custom_css_main_element=&#8220;font-weight:300;&#8220;]<\/p>\n<div class=\"page\" title=\"Page 1\">\n<div class=\"section\">\n<div class=\"layoutArea\">\n<div class=\"column\">\n<p><strong>gemeinsam ans Ziel<\/strong><\/p>\n<\/div>\n<\/div>\n<\/div>\n<\/div>\n<p>[\/et_pb_text][et_pb_text admin_label=&#8220;Eine Zusammenarbeit mit focusRecht lohnt sich immer&#8220; _builder_version=&#8220;3.19.5&#8243; text_font_size=&#8220;45&#8243; text_font_size_tablet=&#8220;35&#8243; text_font_size_phone=&#8220;25&#8243; text_font_size_last_edited=&#8220;off|phone&#8220; header_font_size_last_edited=&#8220;on|desktop&#8220; background_size=&#8220;initial&#8220; background_position=&#8220;top_left&#8220; background_repeat=&#8220;repeat&#8220; text_orientation=&#8220;center&#8220; max_width_last_edited=&#8220;on|phone&#8220; module_alignment=&#8220;center&#8220; custom_margin=&#8220;||10px|&#8220; custom_css_main_element=&#8220;font-weight:900!important;&#8220; header_2_font_size_phone=&#8220;20px&#8220; header_2_font_size_last_edited=&#8220;on|desktop&#8220;]<\/p>\n<h2><span style=\"color: #a09186;\"><strong>Eine Zusammenarbeit mit focusRecht lohnt sich immer<\/strong><\/span><\/h2>\n<p>[\/et_pb_text][et_pb_divider admin_label=&#8220;Divider (Centered)&#8220; color=&#8220;#005096&#8243; show_divider=&#8220;on&#8220; divider_style=&#8220;solid&#8220; divider_position=&#8220;center&#8220; divider_weight=&#8220;2&#8243; disabled_on=&#8220;off&#8220; _builder_version=&#8220;3.0.78&#8243; custom_css_before=&#8220;width: 100px;||left: 50%;||margin-right: -50%;||transform: translate(-50%);&#8220; hide_on_mobile=&#8220;off&#8220; \/][\/et_pb_column][\/et_pb_row][\/et_pb_section][et_pb_section bb_built=&#8220;1&#8243; fullwidth=&#8220;off&#8220; specialty=&#8220;off&#8220; _builder_version=&#8220;3.0.78&#8243; background_color=&#8220;#f2efe8&#8243; prev_background_color=&#8220;#ffffff&#8220; next_background_color=&#8220;#005096&#8243;][et_pb_row _builder_version=&#8220;3.0.78&#8243;][et_pb_column type=&#8220;1_2&#8243;][et_pb_image _builder_version=&#8220;3.0.78&#8243; src=&#8220;https:\/\/www.focus-recht.de\/cms\/wp-content\/uploads\/2017\/10\/FCR-Beratung-800&#215;500.jpg&#8220; show_in_lightbox=&#8220;off&#8220; url_new_window=&#8220;off&#8220; use_overlay=&#8220;off&#8220; always_center_on_mobile=&#8220;on&#8220; border_style=&#8220;solid&#8220; force_fullwidth=&#8220;off&#8220; show_bottom_space=&#8220;on&#8220; \/][\/et_pb_column][et_pb_column type=&#8220;1_2&#8243;][et_pb_text admin_label=&#8220;Welche Kosten entstehen f\u00fcr mich als Kunde?&#8220; _builder_version=&#8220;3.0.78&#8243; text_font_size=&#8220;18&#8243; text_font_size_tablet=&#8220;16&#8243; text_font_size_phone=&#8220;14&#8243; text_font_size_last_edited=&#8220;on|phone&#8220; text_text_color=&#8220;#005096&#8243; background_size=&#8220;initial&#8220; background_position=&#8220;top_left&#8220; background_repeat=&#8220;repeat&#8220; module_alignment=&#8220;center&#8220; custom_css_main_element=&#8220;font-weight:300;&#8220; background_layout=&#8220;dark&#8220; border_style=&#8220;solid&#8220; custom_margin_last_edited=&#8220;on|tablet&#8220;]<\/p>\n<h3><span style=\"color: #a09186;\"><strong>Welche Kosten entstehen f\u00fcr mich als Kunde?<\/strong><\/span><\/h3>\n<p>[\/et_pb_text][et_pb_divider admin_label=&#8220;Divider (Centered)&#8220; show_divider=&#8220;on&#8220; divider_style=&#8220;solid&#8220; divider_position=&#8220;center&#8220; divider_weight=&#8220;2&#8243; disabled_on=&#8220;off&#8220; _builder_version=&#8220;3.0.78&#8243; custom_css_before=&#8220;width: 100px;||left: 50%;||margin-right: -50%;||transform: translate(-50%);&#8220; hide_on_mobile=&#8220;off&#8220; color=&#8220;#005096&#8243; \/][et_pb_text admin_label=&#8220;Die focusRecht arbeitet ausschlie\u00dflich auf Erfolgsbasis &#8230;&#8220; _builder_version=&#8220;3.19.5&#8243; max_width_last_edited=&#8220;off|desktop&#8220; custom_margin_last_edited=&#8220;on|phone&#8220;]<\/p>\n<p>Die <a href=\"https:\/\/www.focus-recht.de\/cms\/focusrecht\/sicherkompetent\/\"><strong>focusRecht<\/strong><\/a> arbeitet ausschlie\u00dflich auf Erfolgsbasis. Die Ersteinsch\u00e4tzung Ihres Anliegens durch unsere Anw\u00e4lte ist f\u00fcr Sie daher v\u00f6llig kostenfrei.<\/p>\n<p>[\/et_pb_text][\/et_pb_column][\/et_pb_row][et_pb_row _builder_version=&#8220;3.0.78&#8243;][et_pb_column type=&#8220;4_4&#8243;][et_pb_text admin_label=&#8220;Sie ben\u00f6tigen unsere Unterst\u00fctzung&#8220; _builder_version=&#8220;3.19.5&#8243; max_width_last_edited=&#8220;off|desktop&#8220; custom_margin_last_edited=&#8220;on|phone&#8220;]<\/p>\n<p><strong>Sie ben\u00f6tigen unsere Unterst\u00fctzung und m\u00f6chten Ihren Anspruch nicht im Alleingang durchsetzten?<\/strong><br \/>Sobald Sie focusRecht verbindlich beauftragen, f\u00fcr Sie als Prozessfinanzierer t\u00e4tig zu werden, f\u00fchren wir dies auf reiner Erfolgsbasis durch. Haben Sie Erfolg mit Ihrem Anspruch, erhalten wir lediglich eine im Voraus festgelegte Erfolgsbeteiligung. So sind Sie f\u00fcr Ihre rechtliche Auseinandersetzung bestens abgesichert.<\/p>\n<p>[\/et_pb_text][\/et_pb_column][\/et_pb_row][\/et_pb_section][et_pb_section bb_built=&#8220;1&#8243; admin_label=&#8220;Accounting Services&#8220; module_id=&#8220;accounting_services&#8220; _builder_version=&#8220;3.0.78&#8243; collapsed=&#8220;off&#8220; background_color=&#8220;#005096&#8243; prev_background_color=&#8220;#f2efe8&#8243; next_background_color=&#8220;#ffffff&#8220;][et_pb_row admin_label=&#8220;Row&#8220; _builder_version=&#8220;3.0.78&#8243; background_size=&#8220;initial&#8220; background_position=&#8220;top_left&#8220; background_repeat=&#8220;repeat&#8220; _i=&#8220;0&#8243; _address=&#8220;1.0&#8243;][et_pb_column type=&#8220;4_4&#8243;][et_pb_text admin_label=&#8220;Das Kostenrisiko f\u00fcr Anwalts &#8230;&#8220; _builder_version=&#8220;3.0.79&#8243; text_font_size=&#8220;45&#8243; text_font_size_tablet=&#8220;35&#8243; text_font_size_phone=&#8220;25&#8243; text_font_size_last_edited=&#8220;off|phone&#8220; header_font_size=&#8220;45&#8243; header_font_size_last_edited=&#8220;off|desktop&#8220; background_size=&#8220;initial&#8220; background_position=&#8220;top_left&#8220; background_repeat=&#8220;repeat&#8220; text_orientation=&#8220;center&#8220; max_width_last_edited=&#8220;on|phone&#8220; module_alignment=&#8220;center&#8220; custom_margin=&#8220;||10px|&#8220; custom_css_main_element=&#8220;font-weight:900!important;&#8220; background_layout=&#8220;dark&#8220; border_style=&#8220;solid&#8220;]<\/p>\n<h4><strong>Das Kostenrisiko f\u00fcr Anwalts-, Gutachter- und Prozesskosten<br \/>liegt vollst\u00e4ndig bei der focusRecht.<\/strong><\/h4>\n<p>[\/et_pb_text][et_pb_divider admin_label=&#8220;Divider (Centered)&#8220; color=&#8220;#a09186&#8243; show_divider=&#8220;on&#8220; divider_style=&#8220;solid&#8220; divider_position=&#8220;center&#8220; divider_weight=&#8220;2&#8243; disabled_on=&#8220;off&#8220; _builder_version=&#8220;3.0.78&#8243; custom_css_before=&#8220;width: 100px;||left: 50%;||margin-right: -50%;||transform: translate(-50%);&#8220; hide_on_mobile=&#8220;off&#8220; \/][\/et_pb_column][\/et_pb_row][\/et_pb_section][et_pb_section bb_built=&#8220;1&#8243; admin_label=&#8220;Accounting Services&#8220; module_id=&#8220;accounting_services&#8220; _builder_version=&#8220;3.0.78&#8243; collapsed=&#8220;off&#8220; prev_background_color=&#8220;#005096&#8243; next_background_color=&#8220;#f2efe8&#8243;][et_pb_row admin_label=&#8220;Row&#8220; _builder_version=&#8220;3.0.78&#8243; background_size=&#8220;initial&#8220; background_position=&#8220;top_left&#8220; background_repeat=&#8220;repeat&#8220; _i=&#8220;0&#8243; _address=&#8220;1.0&#8243;][et_pb_column type=&#8220;4_4&#8243;][et_pb_text admin_label=&#8220;Erfolgsbeteiligung bei:&#8220; _builder_version=&#8220;3.19.5&#8243; text_font_size_tablet=&#8220;16&#8243; text_font_size_phone=&#8220;14&#8243; text_font_size_last_edited=&#8220;on|phone&#8220; text_text_color=&#8220;#005096&#8243; background_size=&#8220;initial&#8220; background_position=&#8220;top_left&#8220; background_repeat=&#8220;repeat&#8220; module_alignment=&#8220;center&#8220; custom_margin=&#8220;||15px|&#8220; custom_css_main_element=&#8220;font-weight:300;&#8220; border_style=&#8220;solid&#8220;]<\/p>\n<p><strong>Erfolgsbeteiligung bei:<\/strong><\/p>\n<p>[\/et_pb_text][et_pb_text admin_label=&#8220;Lebens-und Rentenversicherungen&#8220; _builder_version=&#8220;3.19.18&#8243;]<\/p>\n<hr \/>\n<p><strong>\u2022<a href=\"https:\/\/www.focus-recht.de\/cms\/renten-und-lebensversicherungen\/auf-einen-blick\/\"> Lebens-und Rentenversicherungen<\/a><br \/><\/strong>Die\u00a0focusRecht ist ausschlie\u00dflich an dem f\u00fcr Sie erzielten Mehrerl\u00f6s beteiligt. Wie hoch diese Beteiligung ist, h\u00e4ngt von der Summe des Mehrerl\u00f6ses ab. Was genau ist der Mehrerl\u00f6s? Das ist der Betrag, der <strong>zus\u00e4tzlich<\/strong> zu einem bereits ausgezahlten Betrag (bei gek\u00fcndigter oder ausgelaufenen Versicherung) oder dem angebotenen R\u00fcckkaufswert (bei laufendem oder ruhendem Vertrag) durch die focusRecht f\u00fcr Sie erzielt wird.\u00a0Im Verlustfall tr\u00e4gt focusRecht die Kosten.<\/p>\n<p>W\u00fcnschen Sie <strong>vor<\/strong> der Erteilung eines schriftlichen Auftrages ein exaktes, gerichtlich verwertbares finanzmathematisches Gutachten durch unsere Sachverst\u00e4ndigen, erfragen Sie bitte die Konditionen hierzu direkt bei uns.<\/p>\n<hr \/>\n<p><strong>\u2022 <a href=\"https:\/\/www.focus-recht.de\/cms\/schiffsfonds\/\">Schiffsbeteiligungen<\/a><\/strong><br \/>Die focusRecht ist ausschlie\u00dflich an dem f\u00fcr Sie erzielten Betrag beteiligt. Im Verlustfall tr\u00e4gt focusRecht die Kosten.<\/p>\n<hr \/>\n<p><strong>\u2022 <a href=\"https:\/\/www.focus-recht.de\/cms\/timesharing\/\">Timesharing<\/a><\/strong><br \/>Die focusRecht ist ausschlie\u00dflich an dem f\u00fcr Sie erzielten Betrag beteiligt. Im Verlustfall tr\u00e4gt focusRecht die Kosten.<\/p>\n<p>[\/et_pb_text][\/et_pb_column][\/et_pb_row][\/et_pb_section][et_pb_section bb_built=&#8220;1&#8243; admin_label=&#8220;Accounting Services&#8220; module_id=&#8220;accounting_services&#8220; _builder_version=&#8220;3.0.79&#8243; collapsed=&#8220;off&#8220; background_color=&#8220;#f2efe8&#8243; custom_margin=&#8220;||40px|&#8220; prev_background_color=&#8220;#ffffff&#8220; next_background_color=&#8220;rgba(0,36,84,0)&#8220;][et_pb_row admin_label=&#8220;Row&#8220; _builder_version=&#8220;3.0.78&#8243; background_size=&#8220;initial&#8220; background_position=&#8220;top_left&#8220; background_repeat=&#8220;repeat&#8220; _i=&#8220;0&#8243; _address=&#8220;1.0&#8243;][et_pb_column type=&#8220;4_4&#8243;][et_pb_text admin_label=&#8220;Subheader %22 die zwischen &#8230;&#8220; _builder_version=&#8220;3.0.78&#8243; background_size=&#8220;initial&#8220; background_position=&#8220;top_left&#8220; background_repeat=&#8220;repeat&#8220; text_orientation=&#8220;center&#8220; module_alignment=&#8220;center&#8220; custom_margin=&#8220;0px||40px|&#8220; custom_margin_tablet=&#8220;0px||38px|&#8220; custom_margin_last_edited=&#8220;on|phone&#8220; custom_css_main_element=&#8220;font-weight:300;&#8220; background_layout=&#8220;light&#8220; border_style=&#8220;solid&#8220; max_width_last_edited=&#8220;on|desktop&#8220;]<\/p>\n<p> ohne Risiko f\u00fcr Sie <\/p>\n<p>[\/et_pb_text][et_pb_text admin_label=&#8220;Lassen Sie Ihren Anspruch&#8220; _builder_version=&#8220;3.0.79&#8243; text_font_size=&#8220;45&#8243; text_font_size_tablet=&#8220;35&#8243; text_font_size_phone=&#8220;25&#8243; text_font_size_last_edited=&#8220;off|phone&#8220; header_font_size=&#8220;45&#8243; header_font_size_last_edited=&#8220;off|desktop&#8220; background_size=&#8220;initial&#8220; background_position=&#8220;top_left&#8220; background_repeat=&#8220;repeat&#8220; text_orientation=&#8220;center&#8220; max_width_last_edited=&#8220;on|phone&#8220; module_alignment=&#8220;center&#8220; custom_margin=&#8220;||10px|&#8220; custom_css_main_element=&#8220;font-weight:900!important;&#8220; background_layout=&#8220;light&#8220; border_style=&#8220;solid&#8220;]<\/p>\n<h2><span style=\"color: #a09186;\">Lassen Sie Ihren Anspruch von unseren<br \/><\/span><span style=\"color: #a09186;\">Fachanw\u00e4lten pr\u00fcfen<\/span><\/h2>\n<p>[\/et_pb_text][et_pb_divider admin_label=&#8220;Divider (Centered)&#8220; color=&#8220;#005096&#8243; show_divider=&#8220;on&#8220; divider_style=&#8220;solid&#8220; divider_position=&#8220;center&#8220; divider_weight=&#8220;2&#8243; disabled_on=&#8220;off&#8220; _builder_version=&#8220;3.0.78&#8243; custom_css_before=&#8220;width: 100px;||left: 50%;||margin-right: -50%;||transform: translate(-50%);&#8220; hide_on_mobile=&#8220;off&#8220; \/][et_pb_text admin_label=&#8220;kostenfrei. unverbindlich. diskret.&#8220; _builder_version=&#8220;3.0.79&#8243; text_font_size=&#8220;18&#8243; text_font_size_tablet=&#8220;16&#8243; text_font_size_phone=&#8220;14&#8243; text_font_size_last_edited=&#8220;on|phone&#8220; text_text_color=&#8220;#005096&#8243; background_size=&#8220;initial&#8220; background_position=&#8220;top_left&#8220; background_repeat=&#8220;repeat&#8220; text_orientation=&#8220;center&#8220; module_alignment=&#8220;center&#8220; custom_margin=&#8220;||15px|&#8220; custom_css_main_element=&#8220;font-weight:300;&#8220; background_layout=&#8220;light&#8220; border_style=&#8220;solid&#8220;]<\/p>\n<p>\n<strong>kostenfrei. unverbindlich. diskret.<\/strong><\/p>\n<p>[\/et_pb_text][et_pb_button admin_label=&#8220;Button KONTAKT&#8220; button_url=&#8220;https:\/\/www.focus-recht.de\/cms\/kontakt\/&#8220; button_text=&#8220;KONTAKT&#8220; button_alignment=&#8220;center&#8220; _builder_version=&#8220;3.19.5&#8243; custom_button=&#8220;on&#8220; button_bg_color=&#8220;#005096&#8243; button_border_width=&#8220;1&#8243; background_layout=&#8220;dark&#8220; button_icon=&#8220;%%36%%&#8220; button_icon_color=&#8220;#ffffff&#8220; animation_style=&#8220;slide&#8220; button_text_color=&#8220;#ffffff&#8220; button_border_color=&#8220;#005096&#8243; saved_tabs=&#8220;all&#8220; custom_margin=&#8220;30px|||&#8220; button_text_size__hover_enabled=&#8220;off&#8220; button_text_size__hover=&#8220;null&#8220; button_one_text_size__hover_enabled=&#8220;off&#8220; button_one_text_size__hover=&#8220;null&#8220; button_two_text_size__hover_enabled=&#8220;off&#8220; button_two_text_size__hover=&#8220;null&#8220; button_text_color__hover_enabled=&#8220;on&#8220; button_text_color__hover=&#8220;#005096&#8243; button_one_text_color__hover_enabled=&#8220;off&#8220; button_one_text_color__hover=&#8220;null&#8220; button_two_text_color__hover_enabled=&#8220;off&#8220; button_two_text_color__hover=&#8220;null&#8220; button_border_width__hover_enabled=&#8220;off&#8220; button_border_width__hover=&#8220;null&#8220; button_one_border_width__hover_enabled=&#8220;off&#8220; button_one_border_width__hover=&#8220;null&#8220; button_two_border_width__hover_enabled=&#8220;off&#8220; button_two_border_width__hover=&#8220;null&#8220; button_border_color__hover_enabled=&#8220;on&#8220; button_border_color__hover=&#8220;#005096&#8243; button_one_border_color__hover_enabled=&#8220;off&#8220; button_one_border_color__hover=&#8220;null&#8220; button_two_border_color__hover_enabled=&#8220;off&#8220; button_two_border_color__hover=&#8220;null&#8220; button_border_radius__hover_enabled=&#8220;on&#8220; button_border_radius__hover=&#8220;2&#8243; button_one_border_radius__hover_enabled=&#8220;off&#8220; button_one_border_radius__hover=&#8220;null&#8220; button_two_border_radius__hover_enabled=&#8220;off&#8220; button_two_border_radius__hover=&#8220;null&#8220; button_letter_spacing__hover_enabled=&#8220;on&#8220; button_letter_spacing__hover=&#8220;0&#8243; button_one_letter_spacing__hover_enabled=&#8220;off&#8220; button_one_letter_spacing__hover=&#8220;null&#8220; button_two_letter_spacing__hover_enabled=&#8220;off&#8220; button_two_letter_spacing__hover=&#8220;null&#8220; button_bg_color__hover_enabled=&#8220;on&#8220; button_bg_color__hover=&#8220;#ffffff&#8220; button_one_bg_color__hover_enabled=&#8220;off&#8220; button_one_bg_color__hover=&#8220;null&#8220; button_two_bg_color__hover_enabled=&#8220;off&#8220; button_two_bg_color__hover=&#8220;null&#8220; button_letter_spacing=&#8220;1&#8243; custom_css_main_element=&#8220;padding-top:10px !important;||padding-right: 22px !important;||padding-bottom: 10px !important;||padding-left: 22px !important;||font-size: 15px;&#8220; button_font=&#8220;|600||on|||||&#8220; \/][\/et_pb_column][\/et_pb_row][\/et_pb_section][et_pb_section bb_built=&#8220;1&#8243; admin_label=&#8220;Footer&#8220; background_color=&#8220;rgba(0,36,84,0)&#8220; module_class=&#8220;mp_s_footer&#8220; _builder_version=&#8220;3.0.83&#8243; use_background_color_gradient=&#8220;on&#8220; background_color_gradient_start=&#8220;#002454&#8243; background_color_gradient_end=&#8220;#002454&#8243; background_color_gradient_direction=&#8220;191deg&#8220; custom_padding=&#8220;0px|||&#8220; transparent_background=&#8220;on&#8220; collapsed=&#8220;off&#8220; prev_background_color=&#8220;#f2efe8&#8243; global_module=&#8220;208737&#8243;][et_pb_row admin_label=&#8220;row&#8220; global_parent=&#8220;208737&#8243; padding_right_3=&#8220;0px&#8220; parallax_method_1=&#8220;off&#8220; parallax_method_2=&#8220;off&#8220; parallax_method_3=&#8220;off&#8220; parallax_method_4=&#8220;off&#8220; module_class_1=&#8220;mp_r_footer_c1&#8243; module_class_2=&#8220;mp_r_footer_c2&#8243; module_class_3=&#8220;mp_r_footer_c3&#8243; module_class_4=&#8220;mp_r_footer_c4&#8243; _builder_version=&#8220;3.0.83&#8243; background_size=&#8220;initial&#8220; background_position=&#8220;top_left&#8220; background_repeat=&#8220;repeat&#8220; custom_padding=&#8220;||0px|&#8220;][et_pb_column type=&#8220;1_2&#8243;][et_pb_divider global_parent=&#8220;208737&#8243; height=&#8220;30px&#8220; _builder_version=&#8220;3.2&#8243; color=&#8220;#ffffff&#8220; show_divider=&#8220;off&#8220; \/][et_pb_text global_parent=&#8220;208737&#8243; _builder_version=&#8220;3.0.83&#8243; text_text_color=&#8220;#666a74&#8243;]<\/p>\n<p><strong>focusRecht<\/strong>\u00a0GmbH &amp; Co. KG<br \/>Mozartstra\u00dfe 24<br \/>D-79104 Freiburg i. Breisgau<br \/>\u260e 0800 333 00 87<br \/>+49 761 59 59 512<br \/><a href=\"https:\/\/www.focus-recht.de\/cms\/kontakt\/\" target=\"_blank\" rel=\"noopener\">anfrage@focus-recht.de<\/a><\/p>\n<p>[\/et_pb_text][\/et_pb_column][et_pb_column type=&#8220;1_4&#8243;][et_pb_divider global_parent=&#8220;208737&#8243; height=&#8220;30px&#8220; _builder_version=&#8220;3.2&#8243; color=&#8220;#ffffff&#8220; show_divider=&#8220;off&#8220; \/][et_pb_social_media_follow global_parent=&#8220;208737&#8243; link_shape=&#8220;circle&#8220; _builder_version=&#8220;3.0.83&#8243; text_orientation=&#8220;right&#8220; url_new_window=&#8220;on&#8220; follow_button=&#8220;off&#8220; background_layout=&#8220;light&#8220; border_radii=&#8220;on|100%|100%|100%|100%&#8220;][et_pb_social_media_follow_network social_network=&#8220;facebook&#8220; url=&#8220;https:\/\/www.facebook.com\/focusRecht\/&#8220; _builder_version=&#8220;3.0.83&#8243; background_color=&#8220;#3b5998&#8243; link_shape=&#8220;circle&#8220; follow_button=&#8220;off&#8220; url_new_window=&#8220;on&#8220;]Facebook[\/et_pb_social_media_follow_network][et_pb_social_media_follow_network social_network=&#8220;google-plus&#8220; url=&#8220;https:\/\/plus.google.com\/u\/0\/108439653443419115986&#8243; _builder_version=&#8220;3.0.83&#8243; background_color=&#8220;#dd4b39&#8243; link_shape=&#8220;circle&#8220; follow_button=&#8220;off&#8220; url_new_window=&#8220;on&#8220;]Google+[\/et_pb_social_media_follow_network][et_pb_social_media_follow_network social_network=&#8220;twitter&#8220; _builder_version=&#8220;3.0.83&#8243; background_color=&#8220;#00aced&#8220; link_shape=&#8220;circle&#8220; follow_button=&#8220;off&#8220; url_new_window=&#8220;on&#8220;]Twitter[\/et_pb_social_media_follow_network][\/et_pb_social_media_follow][\/et_pb_column][et_pb_column type=&#8220;1_4&#8243;][et_pb_text admin_label=&#8220;ProvenExpert-Siegel&#8220; global_parent=&#8220;208737&#8243; background_layout=&#8220;dark&#8220; _builder_version=&#8220;3.0.83&#8243; text_text_color=&#8220;#666a74&#8243; background_size=&#8220;initial&#8220; background_position=&#8220;top_left&#8220; background_repeat=&#8220;repeat&#8220; max_width=&#8220;90%&#8220; module_alignment=&#8220;right&#8220;]<\/p>\n<p style=\"text-align: right;\"><!-- ProvenExpert Bewertungssiegel --><br \/><a style=\"text-decoration: none;\" title=\"Erfahrungen &amp; Bewertungen zu focusRecht GmbH &amp; Co. KG anzeigen\" href=\"https:\/\/www.provenexpert.com\/focusrecht-gmbh-co-kg\/?utm_source=Widget&amp;utm_medium=Widget&amp;utm_campaign=Widget\" target=\"_blank\" rel=\"noopener\"><img loading=\"lazy\" decoding=\"async\" style=\"border: 0;\" src=\"https:\/\/images.provenexpert.com\/5b\/73\/fd3ff5bc12458f45f41863f2f8e6\/widget_portrait_180_de_1.png\" alt=\"Erfahrungen &amp; Bewertungen zu focusRecht GmbH &amp; Co. KG\" width=\"180\" height=\"216\" \/><\/a><br \/><!-- ProvenExpert Bewertungssiegel --><\/p>\n<p>[\/et_pb_text][\/et_pb_column][\/et_pb_row][et_pb_row global_parent=&#8220;208737&#8243; _builder_version=&#8220;3.0.83&#8243; custom_margin=&#8220;||0px|&#8220;][et_pb_column type=&#8220;4_4&#8243;][et_pb_divider global_parent=&#8220;208737&#8243; color=&#8220;#666a74&#8243; show_divider=&#8220;on&#8220; height=&#8220;5px&#8220; _builder_version=&#8220;3.2&#8243; custom_padding=&#8220;||0px|&#8220; custom_margin=&#8220;||0px|&#8220; animation_style=&#8220;fold&#8220; \/][\/et_pb_column][\/et_pb_row][et_pb_row global_parent=&#8220;208737&#8243; _builder_version=&#8220;3.0.83&#8243; make_equal=&#8220;on&#8220; module_alignment=&#8220;center&#8220; custom_margin=&#8220;0px|||&#8220; custom_padding=&#8220;0px||0px|&#8220;][et_pb_column type=&#8220;1_2&#8243;][et_pb_text admin_label=&#8220;Copyright 2017&#8243; global_parent=&#8220;208737&#8243; background_layout=&#8220;dark&#8220; _builder_version=&#8220;3.17.6&#8243; text_text_color=&#8220;#666a74&#8243; background_size=&#8220;initial&#8220; background_position=&#8220;top_left&#8220; background_repeat=&#8220;repeat&#8220; module_alignment=&#8220;center&#8220;]<\/p>\n<p>\u00a9 2017 &#8211; 2019 by focusRecht GmbH &amp; Co. KG<\/p>\n<p>[\/et_pb_text][\/et_pb_column][et_pb_column type=&#8220;1_2&#8243;][et_pb_text admin_label=&#8220;Impressum, Datenschutz&#8220; global_parent=&#8220;208737&#8243; background_layout=&#8220;dark&#8220; _builder_version=&#8220;3.0.83&#8243; text_text_color=&#8220;#666a74&#8243; text_orientation=&#8220;right&#8220; module_alignment=&#8220;center&#8220; custom_margin=&#8220;0px|||&#8220;]<\/p>\n<p style=\"text-align: right;\"><a class=\"bbxFooterLink\" href=\"\/cms\/impressum\/\">Impressum<\/a>\u00a0 |\u00a0 <a class=\"bbxFooterLink\" href=\"\/cms\/datenschutz\/\">Datenschutz<\/a><\/p>\n<p>[\/et_pb_text][\/et_pb_column][\/et_pb_row][\/et_pb_section]<\/p>\n","protected":false},"excerpt":{"rendered":"<p>gemeinsam ans Ziel Eine Zusammenarbeit mit focusRecht lohnt sich immer Welche Kosten entstehen f\u00fcr mich als Kunde? Die focusRecht arbeitet ausschlie\u00dflich auf Erfolgsbasis. Die Ersteinsch\u00e4tzung Ihres Anliegens durch unsere Anw\u00e4lte ist f\u00fcr Sie daher v\u00f6llig kostenfrei. Sie ben\u00f6tigen unsere Unterst\u00fctzung und m\u00f6chten Ihren Anspruch nicht im Alleingang durchsetzten?Sobald Sie focusRecht verbindlich beauftragen, f\u00fcr Sie als [&hellip;]<\/p>\n","protected":false},"author":1,"featured_media":0,"parent":208666,"menu_order":8,"comment_status":"closed","ping_status":"closed","template":"","meta":{"_et_pb_use_builder":"on","_et_pb_old_content":"","_et_gb_content_width":"","footnotes":""},"_links":{"self":[{"href":"https:\/\/www.focus-recht.de\/cms\/wp-json\/wp\/v2\/pages\/208318"}],"collection":[{"href":"https:\/\/www.focus-recht.de\/cms\/wp-json\/wp\/v2\/pages"}],"about":[{"href":"https:\/\/www.focus-recht.de\/cms\/wp-json\/wp\/v2\/types\/page"}],"author":[{"embeddable":true,"href":"https:\/\/www.focus-recht.de\/cms\/wp-json\/wp\/v2\/users\/1"}],"replies":[{"embeddable":true,"href":"https:\/\/www.focus-recht.de\/cms\/wp-json\/wp\/v2\/comments?post=208318"}],"version-history":[{"count":0,"href":"https:\/\/www.focus-recht.de\/cms\/wp-json\/wp\/v2\/pages\/208318\/revisions"}],"up":[{"embeddable":true,"href":"https:\/\/www.focus-recht.de\/cms\/wp-json\/wp\/v2\/pages\/208666"}],"wp:attachment":[{"href":"https:\/\/www.focus-recht.de\/cms\/wp-json\/wp\/v2\/media?parent=208318"}],"curies":[{"name":"wp","href":"https:\/\/api.w.org\/{rel}","templated":true}]}}